{"id":27,"date":"2023-09-11T18:46:48","date_gmt":"2023-09-11T18:46:48","guid":{"rendered":"https:\/\/zephrasystems.com\/?page_id=27"},"modified":"2023-09-11T18:50:07","modified_gmt":"2023-09-11T18:50:07","slug":"27-2","status":"publish","type":"page","link":"https:\/\/zephrasystems.com\/index.php\/27-2\/","title":{"rendered":"ZEPHRA Systems"},"content":{"rendered":"<div class=\"is-style-rounded wp-block-site-logo\"><a href=\"https:\/\/zephrasystems.com\/\" class=\"custom-logo-link\" rel=\"home\"><img loading=\"lazy\" width=\"35\" height=\"62\" src=\"https:\/\/zephrasystems.com\/wp-content\/uploads\/2023\/01\/zephra.png\" class=\"custom-logo\" alt=\"ZephraSystems\" decoding=\"async\" srcset=\"https:\/\/zephrasystems.com\/wp-content\/uploads\/2023\/01\/zephra.png 541w, https:\/\/zephrasystems.com\/wp-content\/uploads\/2023\/01\/zephra-169x300.png 169w\" sizes=\"(max-width: 35px) 100vw, 35px\" \/><\/a><\/div>\n\n\n<figure class=\"wp-block-pullquote\"><blockquote><p><strong>\u201cLa tecnolog\u00eda no es nada. Lo importante es que tengas fe en la gente, que sean b\u00e1sicamente buenas e inteligentes, y si les das herramientas, har\u00e1n cosas maravillosas con ellas\u201d<\/strong><\/p><cite>Steve Jobs, cofundador y presidente ejecutivo de Apple Inc.<\/cite><\/blockquote><\/figure>\n","protected":false},"excerpt":{"rendered":"<p>\u201cLa tecnolog\u00eda no es nada. Lo importante es que tengas fe en la gente, que sean b\u00e1sicamente buenas e inteligentes, y si les das herramientas, har\u00e1n cosas maravillosas con ellas\u201d Steve Jobs, cofundador y presidente ejecutivo de Apple Inc.<\/p>\n","protected":false},"author":1,"featured_media":0,"parent":0,"menu_order":0,"comment_status":"closed","ping_status":"closed","template":"","meta":[],"_links":{"self":[{"href":"https:\/\/zephrasystems.com\/index.php\/wp-json\/wp\/v2\/pages\/27"}],"collection":[{"href":"https:\/\/zephrasystems.com\/index.php\/wp-json\/wp\/v2\/pages"}],"about":[{"href":"https:\/\/zephrasystems.com\/index.php\/wp-json\/wp\/v2\/types\/page"}],"author":[{"embeddable":true,"href":"https:\/\/zephrasystems.com\/index.php\/wp-json\/wp\/v2\/users\/1"}],"replies":[{"embeddable":true,"href":"https:\/\/zephrasystems.com\/index.php\/wp-json\/wp\/v2\/comments?post=27"}],"version-history":[{"count":4,"href":"https:\/\/zephrasystems.com\/index.php\/wp-json\/wp\/v2\/pages\/27\/revisions"}],"predecessor-version":[{"id":32,"href":"https:\/\/zephrasystems.com\/index.php\/wp-json\/wp\/v2\/pages\/27\/revisions\/32"}],"wp:attachment":[{"href":"https:\/\/zephrasystems.com\/index.php\/wp-json\/wp\/v2\/media?parent=27"}],"curies":[{"name":"wp","href":"https:\/\/api.w.org\/{rel}","templated":true}]}}